{"id":792,"date":"2021-08-19T06:29:26","date_gmt":"2021-08-19T06:29:26","guid":{"rendered":"http:\/\/31.217.192.158\/~tunturitupa\/?page_id=792"},"modified":"2021-09-07T08:51:14","modified_gmt":"2021-09-07T08:51:14","slug":"tietosuojaseloste","status":"publish","type":"page","link":"http:\/\/tunturitupa.fi\/it\/tietosuojaseloste\/","title":{"rendered":"GDPR"},"content":{"rendered":"<div data-elementor-type=\"wp-page\" data-elementor-id=\"792\" class=\"elementor elementor-792\" data-elementor-post-type=\"page\">\n\t\t\t\t\t\t<section data-particle_enable=\"false\" data-particle-mobile-disabled=\"false\" class=\"elementor-section elementor-top-section elementor-element elementor-element-5299981 elementor-section-height-min-height elementor-section-boxed elementor-section-height-default elementor-section-items-middle\" data-id=\"5299981\" data-element_type=\"section\" data-e-type=\"section\" data-settings=\"{&quot;background_background&quot;:&quot;classic&quot;}\">\n\t\t\t\t\t\t\t<div class=\"elementor-background-overlay\"><\/div>\n\t\t\t\t\t\t\t<div class=\"elementor-container elementor-column-gap-default\">\n\t\t\t\t\t\t<\/div>\n\t\t<\/section>\n\t\t\t\t<section data-particle_enable=\"false\" data-particle-mobile-disabled=\"false\" class=\"elementor-section elementor-top-section elementor-element elementor-element-0857079 elementor-section-boxed elementor-section-height-default elementor-section-height-default\" data-id=\"0857079\" data-element_type=\"section\" data-e-type=\"section\" data-settings=\"{&quot;background_background&quot;:&quot;classic&quot;}\">\n\t\t\t\t\t\t\t<div class=\"elementor-background-overlay\"><\/div>\n\t\t\t\t\t\t\t<div class=\"elementor-container elementor-column-gap-default\">\n\t\t\t\t\t<div class=\"elementor-column elementor-col-100 elementor-top-column elementor-element elementor-element-38f6587\" data-id=\"38f6587\" data-element_type=\"column\" data-e-type=\"column\">\n\t\t\t<div class=\"elementor-widget-wrap elementor-element-populated\">\n\t\t\t\t\t\t<div class=\"elementor-element elementor-element-5b4e38d elementor-widget elementor-widget-heading\" data-id=\"5b4e38d\" data-element_type=\"widget\" data-e-type=\"widget\" data-widget_type=\"heading.default\">\n\t\t\t\t<div class=\"elementor-widget-container\">\n\t\t\t\t\t<h1 class=\"elementor-heading-title elementor-size-default\">Registry and Privacy Statement<\/h1>\t\t\t\t<\/div>\n\t\t\t\t<\/div>\n\t\t\t\t<div class=\"elementor-element elementor-element-81a06dc elementor-widget elementor-widget-text-editor\" data-id=\"81a06dc\" data-element_type=\"widget\" data-e-type=\"widget\" data-widget_type=\"text-editor.default\">\n\t\t\t\t<div class=\"elementor-widget-container\">\n\t\t\t\t\t\t\t\t\t<p><span style=\"font-weight: 400;\">This is the Company's General Data Protection Regulation (GDPR) Registry and Privacy Statement. Prepared on 26.8.2021.<\/span><\/p>\t\t\t\t\t\t\t\t<\/div>\n\t\t\t\t<\/div>\n\t\t\t\t<div class=\"elementor-element elementor-element-d497c4a elementor-widget elementor-widget-heading\" data-id=\"d497c4a\" data-element_type=\"widget\" data-e-type=\"widget\" data-widget_type=\"heading.default\">\n\t\t\t\t<div class=\"elementor-widget-container\">\n\t\t\t\t\t<h1 class=\"elementor-heading-title elementor-size-default\">Registrar\n<\/h1>\t\t\t\t<\/div>\n\t\t\t\t<\/div>\n\t\t\t\t<div class=\"elementor-element elementor-element-e04c946 elementor-widget elementor-widget-text-editor\" data-id=\"e04c946\" data-element_type=\"widget\" data-e-type=\"widget\" data-widget_type=\"text-editor.default\">\n\t\t\t\t<div class=\"elementor-widget-container\">\n\t\t\t\t\t\t\t\t\t<p><span style=\"font-weight: 400;\">Tunturitupa<br \/>Therese Schefer<br \/><br \/>Karpalotie 9,<br \/>95980, Yll\u00e4sj\u00e4rvi<br \/><\/span><\/p>\t\t\t\t\t\t\t\t<\/div>\n\t\t\t\t<\/div>\n\t\t\t\t<div class=\"elementor-element elementor-element-bbce6c1 elementor-widget elementor-widget-heading\" data-id=\"bbce6c1\" data-element_type=\"widget\" data-e-type=\"widget\" data-widget_type=\"heading.default\">\n\t\t\t\t<div class=\"elementor-widget-container\">\n\t\t\t\t\t<h1 class=\"elementor-heading-title elementor-size-default\">Requests\n<\/h1>\t\t\t\t<\/div>\n\t\t\t\t<\/div>\n\t\t\t\t<div class=\"elementor-element elementor-element-ea01d26 elementor-widget elementor-widget-text-editor\" data-id=\"ea01d26\" data-element_type=\"widget\" data-e-type=\"widget\" data-widget_type=\"text-editor.default\">\n\t\t\t\t<div class=\"elementor-widget-container\">\n\t\t\t\t\t\t\t\t\t<p><span style=\"font-weight: 400;\">For data protection requests, contact <a href=\"mailto:info@louru.fi\">Louru Oy<\/a>.<\/span><\/p>\t\t\t\t\t\t\t\t<\/div>\n\t\t\t\t<\/div>\n\t\t\t\t<div class=\"elementor-element elementor-element-5125cc2 elementor-widget elementor-widget-heading\" data-id=\"5125cc2\" data-element_type=\"widget\" data-e-type=\"widget\" data-widget_type=\"heading.default\">\n\t\t\t\t<div class=\"elementor-widget-container\">\n\t\t\t\t\t<h1 class=\"elementor-heading-title elementor-size-default\">Register name<\/h1>\t\t\t\t<\/div>\n\t\t\t\t<\/div>\n\t\t\t\t<div class=\"elementor-element elementor-element-36c8610 elementor-widget elementor-widget-text-editor\" data-id=\"36c8610\" data-element_type=\"widget\" data-e-type=\"widget\" data-widget_type=\"text-editor.default\">\n\t\t\t\t<div class=\"elementor-widget-container\">\n\t\t\t\t\t\t\t\t\t<p><span style=\"font-weight: 400;\">Tunturitupa user register of the online service.<\/span><\/p>\t\t\t\t\t\t\t\t<\/div>\n\t\t\t\t<\/div>\n\t\t\t\t<div class=\"elementor-element elementor-element-7d7a9a8 elementor-widget elementor-widget-heading\" data-id=\"7d7a9a8\" data-element_type=\"widget\" data-e-type=\"widget\" data-widget_type=\"heading.default\">\n\t\t\t\t<div class=\"elementor-widget-container\">\n\t\t\t\t\t<h1 class=\"elementor-heading-title elementor-size-default\">Purpose of the processing of personal data<\/h1>\t\t\t\t<\/div>\n\t\t\t\t<\/div>\n\t\t\t\t<div class=\"elementor-element elementor-element-3ed269d elementor-widget elementor-widget-text-editor\" data-id=\"3ed269d\" data-element_type=\"widget\" data-e-type=\"widget\" data-widget_type=\"text-editor.default\">\n\t\t\t\t<div class=\"elementor-widget-container\">\n\t\t\t\t\t\t\t\t\t<p><span style=\"font-weight: 400;\">The purpose of the processing of personal data is to communicate with customers, maintain a customer relationship and marketing. In addition, the information collected can be used to develop an online service. The data is not used for automated decision making or profiling.<\/span><\/p>\t\t\t\t\t\t\t\t<\/div>\n\t\t\t\t<\/div>\n\t\t\t\t<div class=\"elementor-element elementor-element-4300630 elementor-widget elementor-widget-heading\" data-id=\"4300630\" data-element_type=\"widget\" data-e-type=\"widget\" data-widget_type=\"heading.default\">\n\t\t\t\t<div class=\"elementor-widget-container\">\n\t\t\t\t\t<h1 class=\"elementor-heading-title elementor-size-default\">Information content of the register<\/h1>\t\t\t\t<\/div>\n\t\t\t\t<\/div>\n\t\t\t\t<div class=\"elementor-element elementor-element-fd72483 elementor-widget elementor-widget-text-editor\" data-id=\"fd72483\" data-element_type=\"widget\" data-e-type=\"widget\" data-widget_type=\"text-editor.default\">\n\t\t\t\t<div class=\"elementor-widget-container\">\n\t\t\t\t\t\t\t\t\t<p><span style=\"font-weight: 400;\">The information stored in the register includes: name, company name, contact information (telephone number, e-mail address, address), website address, ordered services and their changes, billing information, other information related to the customer relationship and the ordered services.<\/span><\/p><p><span style=\"font-weight: 400;\">The data will be kept for the time being.<\/span><\/p>\t\t\t\t\t\t\t\t<\/div>\n\t\t\t\t<\/div>\n\t\t\t\t<div class=\"elementor-element elementor-element-8a39a1f elementor-widget elementor-widget-heading\" data-id=\"8a39a1f\" data-element_type=\"widget\" data-e-type=\"widget\" data-widget_type=\"heading.default\">\n\t\t\t\t<div class=\"elementor-widget-container\">\n\t\t\t\t\t<h1 class=\"elementor-heading-title elementor-size-default\">Regular sources of information<\/h1>\t\t\t\t<\/div>\n\t\t\t\t<\/div>\n\t\t\t\t<div class=\"elementor-element elementor-element-156d52c elementor-widget elementor-widget-text-editor\" data-id=\"156d52c\" data-element_type=\"widget\" data-e-type=\"widget\" data-widget_type=\"text-editor.default\">\n\t\t\t\t<div class=\"elementor-widget-container\">\n\t\t\t\t\t\t\t\t\t<p><span style=\"font-weight: 400;\">The information stored in the register is obtained from the customer through messages sent on forms, e-mail, telephone, via social media services, contracts, customer meetings and other situations in which the customer discloses his information.<\/span><\/p><p><span style=\"font-weight: 400;\">Contact information for companies and other organizations can also be collected from public sources such as websites, directory services, and other companies.<\/span><\/p>\t\t\t\t\t\t\t\t<\/div>\n\t\t\t\t<\/div>\n\t\t\t\t<div class=\"elementor-element elementor-element-83def89 elementor-widget elementor-widget-heading\" data-id=\"83def89\" data-element_type=\"widget\" data-e-type=\"widget\" data-widget_type=\"heading.default\">\n\t\t\t\t<div class=\"elementor-widget-container\">\n\t\t\t\t\t<h1 class=\"elementor-heading-title elementor-size-default\">Data transfer outside the EU or the EEA<\/h1>\t\t\t\t<\/div>\n\t\t\t\t<\/div>\n\t\t\t\t<div class=\"elementor-element elementor-element-bf7a66a elementor-widget elementor-widget-text-editor\" data-id=\"bf7a66a\" data-element_type=\"widget\" data-e-type=\"widget\" data-widget_type=\"text-editor.default\">\n\t\t\t\t<div class=\"elementor-widget-container\">\n\t\t\t\t\t\t\t\t\t<p><span style=\"font-weight: 400;\">The information is not regularly disclosed to other parties. The information may be published to the extent agreed with the customer. Data may also be transferred by the controller outside the EU or the EEA.<\/span><\/p>\t\t\t\t\t\t\t\t<\/div>\n\t\t\t\t<\/div>\n\t\t\t\t<div class=\"elementor-element elementor-element-99b96be elementor-widget elementor-widget-heading\" data-id=\"99b96be\" data-element_type=\"widget\" data-e-type=\"widget\" data-widget_type=\"heading.default\">\n\t\t\t\t<div class=\"elementor-widget-container\">\n\t\t\t\t\t<h1 class=\"elementor-heading-title elementor-size-default\">Registry security principles<\/h1>\t\t\t\t<\/div>\n\t\t\t\t<\/div>\n\t\t\t\t<div class=\"elementor-element elementor-element-c9db2a8 elementor-widget elementor-widget-text-editor\" data-id=\"c9db2a8\" data-element_type=\"widget\" data-e-type=\"widget\" data-widget_type=\"text-editor.default\">\n\t\t\t\t<div class=\"elementor-widget-container\">\n\t\t\t\t\t\t\t\t\t<p><span style=\"font-weight: 400;\">The controller shall ensure that the data stored, as well as the access rights to the servers and other information critical to the security of personal data, are treated confidentially and only by the employees whose job description it includes.<\/span><\/p>\t\t\t\t\t\t\t\t<\/div>\n\t\t\t\t<\/div>\n\t\t\t\t<div class=\"elementor-element elementor-element-b0a1158 elementor-widget elementor-widget-heading\" data-id=\"b0a1158\" data-element_type=\"widget\" data-e-type=\"widget\" data-widget_type=\"heading.default\">\n\t\t\t\t<div class=\"elementor-widget-container\">\n\t\t\t\t\t<h1 class=\"elementor-heading-title elementor-size-default\">Risks<\/h1>\t\t\t\t<\/div>\n\t\t\t\t<\/div>\n\t\t\t\t<div class=\"elementor-element elementor-element-d51d106 elementor-widget elementor-widget-text-editor\" data-id=\"d51d106\" data-element_type=\"widget\" data-e-type=\"widget\" data-widget_type=\"text-editor.default\">\n\t\t\t\t<div class=\"elementor-widget-container\">\n\t\t\t\t\t\t\t\t\t<p><span style=\"font-weight: 400;\">Risks related to personal data include: data leaks. Personal data stored in the register shall be protected against unauthorized access to the data and against accidental or unlawful destruction, alteration, disclosure, transfer or other unlawful processing of the data.<\/span><\/p>\t\t\t\t\t\t\t\t<\/div>\n\t\t\t\t<\/div>\n\t\t\t\t<div class=\"elementor-element elementor-element-3a8c856 elementor-widget elementor-widget-heading\" data-id=\"3a8c856\" data-element_type=\"widget\" data-e-type=\"widget\" data-widget_type=\"heading.default\">\n\t\t\t\t<div class=\"elementor-widget-container\">\n\t\t\t\t\t<h1 class=\"elementor-heading-title elementor-size-default\">Right of inspection and rights related to the processing of personal data<\/h1>\t\t\t\t<\/div>\n\t\t\t\t<\/div>\n\t\t\t\t<div class=\"elementor-element elementor-element-54ac43b elementor-widget elementor-widget-text-editor\" data-id=\"54ac43b\" data-element_type=\"widget\" data-e-type=\"widget\" data-widget_type=\"text-editor.default\">\n\t\t\t\t<div class=\"elementor-widget-container\">\n\t\t\t\t\t\t\t\t\t<p><span style=\"font-weight: 400;\">Every person in the register has the right to inspect the information stored in the register and to request the correction of any incorrect information or the completion of incomplete information.<\/span><\/p><p><span style=\"font-weight: 400;\">If a person wishes to check the data stored about him, request a correction or request the deletion of personal data concerning him, the request must be sent in writing to the data controller. If necessary, the controller may ask the applicant to prove his or her identity. The controller will respond to the customer within the timeframe set out in the EU Data Protection Regulation (generally within one month).<\/span><\/p>\t\t\t\t\t\t\t\t<\/div>\n\t\t\t\t<\/div>\n\t\t\t\t<div class=\"elementor-element elementor-element-a475c28 elementor-widget-divider--view-line elementor-widget elementor-widget-divider\" data-id=\"a475c28\" data-element_type=\"widget\" data-e-type=\"widget\" data-widget_type=\"divider.default\">\n\t\t\t\t<div class=\"elementor-widget-container\">\n\t\t\t\t\t\t\t<div class=\"elementor-divider\">\n\t\t\t<span class=\"elementor-divider-separator\">\n\t\t\t\t\t\t<\/span>\n\t\t<\/div>\n\t\t\t\t\t\t<\/div>\n\t\t\t\t<\/div>\n\t\t\t\t<div class=\"elementor-element elementor-element-d873551 elementor-widget elementor-widget-heading\" data-id=\"d873551\" data-element_type=\"widget\" data-e-type=\"widget\" data-widget_type=\"heading.default\">\n\t\t\t\t<div class=\"elementor-widget-container\">\n\t\t\t\t\t<h1 class=\"elementor-heading-title elementor-size-default\">Cookies and visitor tracking<\/h1>\t\t\t\t<\/div>\n\t\t\t\t<\/div>\n\t\t\t\t<div class=\"elementor-element elementor-element-bcfc0ba elementor-widget elementor-widget-text-editor\" data-id=\"bcfc0ba\" data-element_type=\"widget\" data-e-type=\"widget\" data-widget_type=\"text-editor.default\">\n\t\t\t\t<div class=\"elementor-widget-container\">\n\t\t\t\t\t\t\t\t\t<p><span style=\"font-weight: 400;\">Website visitor data and statistics are stored through Google Analytics web analytics service on Google servers, which may also be located outside the EEA (Privacy Shield countries).<\/span><\/p>\t\t\t\t\t\t\t\t<\/div>\n\t\t\t\t<\/div>\n\t\t\t\t<div class=\"elementor-element elementor-element-39e50a3 elementor-widget elementor-widget-heading\" data-id=\"39e50a3\" data-element_type=\"widget\" data-e-type=\"widget\" data-widget_type=\"heading.default\">\n\t\t\t\t<div class=\"elementor-widget-container\">\n\t\t\t\t\t<h1 class=\"elementor-heading-title elementor-size-default\">What are cookies?<\/h1>\t\t\t\t<\/div>\n\t\t\t\t<\/div>\n\t\t\t\t<div class=\"elementor-element elementor-element-fa17122 elementor-widget elementor-widget-text-editor\" data-id=\"fa17122\" data-element_type=\"widget\" data-e-type=\"widget\" data-widget_type=\"text-editor.default\">\n\t\t\t\t<div class=\"elementor-widget-container\">\n\t\t\t\t\t\t\t\t\t<p><span style=\"font-weight: 400;\">Cookies are small text files that are stored on a user's device when he or she visits a website. Each time you visit, these cookies are sent back to a website that identifies the cookie. With the help of cookies, e.g. identify the user\u2019s device, store user selections on the site, and store login information. Cookies can also be used to implement visitor tracking, for example to improve the user experience and target ads.<\/span><\/p>\t\t\t\t\t\t\t\t<\/div>\n\t\t\t\t<\/div>\n\t\t\t\t<div class=\"elementor-element elementor-element-706f69b elementor-widget elementor-widget-heading\" data-id=\"706f69b\" data-element_type=\"widget\" data-e-type=\"widget\" data-widget_type=\"heading.default\">\n\t\t\t\t<div class=\"elementor-widget-container\">\n\t\t\t\t\t<h1 class=\"elementor-heading-title elementor-size-default\">Cookies used on the website<\/h1>\t\t\t\t<\/div>\n\t\t\t\t<\/div>\n\t\t\t\t<div class=\"elementor-element elementor-element-f8dc422 elementor-widget elementor-widget-text-editor\" data-id=\"f8dc422\" data-element_type=\"widget\" data-e-type=\"widget\" data-widget_type=\"text-editor.default\">\n\t\t\t\t<div class=\"elementor-widget-container\">\n\t\t\t\t\t\t\t\t\t<p><span style=\"font-weight: 400;\">This website uses the Google Analytics web analytics service, which uses cookies for visitor tracking. Google Analytics cookies can be used to collect information about user\u2019s<br \/><\/span><\/p><ul><li><span style=\"font-weight: 400;\">device<\/span><\/li><li><span style=\"font-weight: 400;\">location<\/span><\/li><li><span style=\"font-weight: 400;\">visited pages (on this site)<\/span><\/li><li><span style=\"font-weight: 400;\">clicked links<\/span><\/li><li><span style=\"font-weight: 400;\">time of visit<\/span><\/li><li><span style=\"font-weight: 400;\">source of arrival.<\/span><\/li><\/ul><p><span style=\"font-weight: 400;\"><br \/>This website may contain embedded content from other sources. Loading or opening embedded content is comparable to a user visiting a third-party website.<\/span><\/p>\t\t\t\t\t\t\t\t<\/div>\n\t\t\t\t<\/div>\n\t\t\t\t<div class=\"elementor-element elementor-element-fdf10f8 elementor-widget elementor-widget-heading\" data-id=\"fdf10f8\" data-element_type=\"widget\" data-e-type=\"widget\" data-widget_type=\"heading.default\">\n\t\t\t\t<div class=\"elementor-widget-container\">\n\t\t\t\t\t<h1 class=\"elementor-heading-title elementor-size-default\">Targeting the information collected\n<\/h1>\t\t\t\t<\/div>\n\t\t\t\t<\/div>\n\t\t\t\t<div class=\"elementor-element elementor-element-2418851 elementor-widget elementor-widget-text-editor\" data-id=\"2418851\" data-element_type=\"widget\" data-e-type=\"widget\" data-widget_type=\"text-editor.default\">\n\t\t\t\t<div class=\"elementor-widget-container\">\n\t\t\t\t\t\t\t\t\t<p><span style=\"font-weight: 400;\">None of the information collected can be targeted to individuals because the individuals\u2019 IP addresses and other identifying information have been removed from the reports. Google Analytics reports provide indicative figures on the number of visitors, information about their devices, and behavior on this website.<\/span><\/p>\t\t\t\t\t\t\t\t<\/div>\n\t\t\t\t<\/div>\n\t\t\t\t\t<\/div>\n\t\t<\/div>\n\t\t\t\t\t<\/div>\n\t\t<\/section>\n\t\t\t\t<section data-particle_enable=\"false\" data-particle-mobile-disabled=\"false\" class=\"elementor-section elementor-top-section elementor-element elementor-element-77f491c elementor-section-height-min-height elementor-section-boxed elementor-section-height-default elementor-section-items-middle\" data-id=\"77f491c\" data-element_type=\"section\" data-e-type=\"section\" data-settings=\"{&quot;background_background&quot;:&quot;classic&quot;}\">\n\t\t\t\t\t\t<div class=\"elementor-container elementor-column-gap-default\">\n\t\t\t\t\t<div class=\"elementor-column elementor-col-100 elementor-top-column elementor-element elementor-element-0f924bb\" data-id=\"0f924bb\" data-element_type=\"column\" data-e-type=\"column\">\n\t\t\t<div class=\"elementor-widget-wrap elementor-element-populated\">\n\t\t\t\t\t\t<div class=\"elementor-element elementor-element-09f35ce elementor-widget elementor-widget-image\" data-id=\"09f35ce\" data-element_type=\"widget\" data-e-type=\"widget\" data-widget_type=\"image.default\">\n\t\t\t\t<div class=\"elementor-widget-container\">\n\t\t\t\t\t\t\t\t\t\t\t\t\t\t\t\t<a href=\"https:\/\/louru.fi\/\" target=\"_blank\" rel=\"noopener\">\n\t\t\t\t\t\t\t<img fetchpriority=\"high\" decoding=\"async\" width=\"800\" height=\"456\" src=\"https:\/\/tunturitupa.fi\/wp-content\/uploads\/2021\/08\/Louru_Logo_Final-11-1024x584.png\" class=\"attachment-large size-large wp-image-310\" alt=\"\" srcset=\"https:\/\/tunturitupa.fi\/wp-content\/uploads\/2021\/08\/Louru_Logo_Final-11-1024x584.png 1024w, https:\/\/tunturitupa.fi\/wp-content\/uploads\/2021\/08\/Louru_Logo_Final-11-300x171.png 300w, https:\/\/tunturitupa.fi\/wp-content\/uploads\/2021\/08\/Louru_Logo_Final-11-768x438.png 768w, https:\/\/tunturitupa.fi\/wp-content\/uploads\/2021\/08\/Louru_Logo_Final-11-1536x876.png 1536w, https:\/\/tunturitupa.fi\/wp-content\/uploads\/2021\/08\/Louru_Logo_Final-11-2048x1168.png 2048w\" sizes=\"(max-width: 800px) 100vw, 800px\" \/>\t\t\t\t\t\t\t\t<\/a>\n\t\t\t\t\t\t\t\t\t\t\t\t\t\t\t<\/div>\n\t\t\t\t<\/div>\n\t\t\t\t\t<\/div>\n\t\t<\/div>\n\t\t\t\t\t<\/div>\n\t\t<\/section>\n\t\t\t\t<\/div>","protected":false},"excerpt":{"rendered":"<p>Rekisteri- ja tietosuojaseloste\u200b T\u00e4m\u00e4 on Yrityksen EU:n yleisen tietosuoja-asetuksen (GDPR) mukainen rekisteri- ja tietosuojaseloste. Laadittu 26.8.2021. Rekisterinpit\u00e4j\u00e4 Tunturitupa Therese Schefer Karpalotie 9, 95980, Yll\u00e4sj\u00e4rvi Tietosuojaan liittyv\u00e4t pyynn\u00f6t Tietosuojapyynn\u00f6ist\u00e4 vastaa Louru Oy. Rekisterin nimi Tunturituvan verkkopalvelun k\u00e4ytt\u00e4j\u00e4rekisteri. Henkil\u00f6tietojen k\u00e4sittelyn tarkoitus Henkil\u00f6tietojen k\u00e4sittelyn tarkoitus on yhteydenpito asiakkaisiin, asiakassuhteen yll\u00e4pito ja markkinointi. Lis\u00e4ksi ker\u00e4ttyj\u00e4 tietoja voidaan k\u00e4ytt\u00e4\u00e4 verkkopalvelun [&hellip;]<\/p>\n","protected":false},"author":1,"featured_media":0,"parent":0,"menu_order":0,"comment_status":"closed","ping_status":"closed","template":"","meta":{"footnotes":""},"class_list":["post-792","page","type-page","status-publish","hentry"],"_links":{"self":[{"href":"http:\/\/tunturitupa.fi\/it\/wp-json\/wp\/v2\/pages\/792","targetHints":{"allow":["GET"]}}],"collection":[{"href":"http:\/\/tunturitupa.fi\/it\/wp-json\/wp\/v2\/pages"}],"about":[{"href":"http:\/\/tunturitupa.fi\/it\/wp-json\/wp\/v2\/types\/page"}],"author":[{"embeddable":true,"href":"http:\/\/tunturitupa.fi\/it\/wp-json\/wp\/v2\/users\/1"}],"replies":[{"embeddable":true,"href":"http:\/\/tunturitupa.fi\/it\/wp-json\/wp\/v2\/comments?post=792"}],"version-history":[{"count":107,"href":"http:\/\/tunturitupa.fi\/it\/wp-json\/wp\/v2\/pages\/792\/revisions"}],"predecessor-version":[{"id":1029,"href":"http:\/\/tunturitupa.fi\/it\/wp-json\/wp\/v2\/pages\/792\/revisions\/1029"}],"wp:attachment":[{"href":"http:\/\/tunturitupa.fi\/it\/wp-json\/wp\/v2\/media?parent=792"}],"curies":[{"name":"wp","href":"https:\/\/api.w.org\/{rel}","templated":true}]}}